{"id":1238,"date":"2018-05-23T10:56:37","date_gmt":"2018-05-23T08:56:37","guid":{"rendered":"http:\/\/clean-smoke-coalition.eu\/?page_id=1238"},"modified":"2018-05-23T16:40:10","modified_gmt":"2018-05-23T14:40:10","slug":"data-protection","status":"publish","type":"page","link":"https:\/\/clean-smoke-coalition.eu\/de\/data-protection\/","title":{"rendered":"Datenschutz"},"content":{"rendered":"<h4><strong>Datenschutzerkl\u00e4rung<\/strong><\/h4>\n<h5><strong>Grundlegendes<\/strong><\/h5>\n<p>Diese Datenschutzerkl\u00e4rung soll die Nutzer dieser Website \u00fcber die Art, den Umfang und den Zweck der Erhebung und Verwendung personenbezogener Daten durch den Websitebetreiber CleanSmoke Coalition informieren.<\/p>\n<p>Der Websitebetreiber nimmt Ihren Datenschutz sehr ernst und behandelt Ihre personenbezogenen Daten vertraulich und entsprechend der gesetzlichen Vorschriften. Da durch neue Technologien und die st\u00e4ndige Weiterentwicklung dieser Webseite \u00c4nderungen an dieser Datenschutzerkl\u00e4rung vorgenommen werden k\u00f6nnen, empfehlen wir Ihnen sich die Datenschutzerkl\u00e4rung in regelm\u00e4\u00dfigen Abst\u00e4nden wieder durchzulesen.<\/p>\n<p>Definitionen der verwendeten Begriffe (z.B. \u201cpersonenbezogene Daten\u201d oder \u201cVerarbeitung\u201d) finden Sie in Art. 4 DSGVO.<\/p>\n<h5><strong>Zugriffsdaten<\/strong><\/h5>\n<p>Wir, der Websitebetreiber bzw. Seitenprovider, erheben aufgrund unseres berechtigten Interesses (s. Art. 6 Abs. 1 lit. f. DSGVO) Daten \u00fcber Zugriffe auf die Website und speichern diese als \u201eServer-Logfiles\u201c auf dem Server der Website ab. Folgende Daten werden so protokolliert:<\/p>\n<ul>\n<li>Besuchte Website<\/li>\n<li>Uhrzeit zum Zeitpunkt des Zugriffes<\/li>\n<li>Menge der gesendeten Daten in Byte<\/li>\n<li>Quelle\/Verweis, von welchem Sie auf die Seite gelangten<\/li>\n<li>Verwendeter Browser<\/li>\n<li>Verwendetes Betriebssystem<\/li>\n<li>Verwendete IP-Adresse<\/li>\n<\/ul>\n<p>Die Server-Logfiles werden f\u00fcr maximal 7 Tage gespeichert und anschlie\u00dfend gel\u00f6scht. Die Speicherung der Daten erfolgt aus Sicherheitsgr\u00fcnden, um z. B. Missbrauchsf\u00e4lle aufkl\u00e4ren zu k\u00f6nnen. M\u00fcssen Daten aus Beweisgr\u00fcnden aufgehoben werden, sind sie solange von der L\u00f6schung ausgenommen bis der Vorfall endg\u00fcltig gekl\u00e4rt ist.<\/p>\n<h5><strong>Reichweitenmessung &amp; Cookies<\/strong><\/h5>\n<p>Diese Website verwendet Cookies zur pseudonymisierten Reichweitenmessung, die entweder von unserem Server oder dem Server Dritter an den Browser des Nutzers \u00fcbertragen werden. Bei Cookies handelt es sich um kleine Dateien, welche auf Ihrem Endger\u00e4t gespeichert werden. Ihr Browser greift auf diese Dateien zu. Durch den Einsatz von Cookies erh\u00f6ht sich die Benutzerfreundlichkeit und Sicherheit dieser Website.<\/p>\n<p>Falls Sie nicht m\u00f6chten, dass Cookies zur Reichweitenmessung auf Ihrem Endger\u00e4t gespeichert werden, k\u00f6nnen Sie dem Einsatz dieser Dateien hier widersprechen:<\/p>\n<ul>\n<li>Cookie-Deaktivierungsseite der Netzwerkwerbeinitiative: <a href=\"http:\/\/optout.networkadvertising.org\/?c=1#!\/\">http:\/\/optout.networkadvertising.org\/?c=1#!\/<\/a><\/li>\n<li>Cookie-Deaktivierungsseite der US-amerikanischen Website: <a href=\"http:\/\/optout.aboutads.info\/?c=2#!\/\">http:\/\/optout.aboutads.info\/?c=2#!\/<\/a><\/li>\n<li>Cookie-Deaktivierungsseite der europ\u00e4ischen Website: <a href=\"http:\/\/optout.networkadvertising.org\/?c=1#!\/\">http:\/\/optout.networkadvertising.org\/?c=1#!\/<\/a><\/li>\n<\/ul>\n<p>G\u00e4ngige Browser bieten die Einstellungsoption, Cookies nicht zuzulassen. Hinweis: Es ist nicht gew\u00e4hrleistet, dass Sie auf alle Funktionen dieser Website ohne Einschr\u00e4nkungen zugreifen k\u00f6nnen, wenn Sie entsprechende Einstellungen vornehmen.<\/p>\n<h5><strong>Erfassung und Verarbeitung personenbezogener Daten<\/strong><\/h5>\n<p>Der Websitebetreiber erhebt, nutzt und gibt Ihre personenbezogenen Daten nur dann weiter, wenn dies im gesetzlichen Rahmen erlaubt ist oder Sie in die Datenerhebung einwilligen.<\/p>\n<p>Als personenbezogene Daten gelten s\u00e4mtliche Informationen, welche dazu dienen, Ihre Person zu bestimmen und welche zu Ihnen zur\u00fcckverfolgt werden k\u00f6nnen \u2013 also beispielsweise Ihr Name, Ihre E-Mail-Adresse und Telefonnummer.<\/p>\n<p>Diese Website k\u00f6nnen Sie auch besuchen, ohne Angaben zu Ihrer Person zu machen. Zur Verbesserung unseres Online-Angebotes speichern wir jedoch (ohne Personenbezug) Ihre Zugriffsdaten auf diese Website. Zu diesen Zugriffsdaten geh\u00f6ren z. B. die von Ihnen angeforderte Datei oder der Name Ihres Internet-Providers. Durch die Anonymisierung der Daten sind R\u00fcckschl\u00fcsse auf Ihre Person nicht m\u00f6glich.<\/p>\n<p>Welche Daten wir als Webseitenbetreiber, wie und warum verarbeiten:<\/p>\n<ul>\n<li>Wir verarbeiten personenbezogene Daten wie Vorname, Nachname, IP-Adresse, E-Mail-Adresse, Wohnort, Postleitzahl und Inhaltsangaben aus dem Kontaktformular.<\/li>\n<li>Wir verarbeiten personenbezogene Daten nur nach ausdr\u00fccklicher Erlaubnis der betreffenden Nutzer und unter Einhaltung der geltenden Datenschutzbestimmungen.<\/li>\n<li>Die Verarbeitung der personenbezogenen Daten erfolgt aufgrund unseres berechtigten Interesses zur Erf\u00fcllung unserer vertraglich vereinbarten Leistungen und zur Optimierung unseres Online-Angebotes.<\/li>\n<\/ul>\n<h5><strong>Umgang mit Kontaktdaten<\/strong><\/h5>\n<p>Nehmen Sie mit uns als Websitebetreiber durch die angebotenen Kontaktm\u00f6glichkeiten Verbindung auf, werden Ihre Angaben gespeichert, damit auf diese zur Bearbeitung und Beantwortung Ihrer Anfrage zur\u00fcckgegriffen werden kann. Ohne Ihre Einwilligung werden diese Daten nicht an Dritte weitergegeben.<\/p>\n<h5><strong>Newsletter-Abonnement<\/strong><\/h5>\n<p>Der Websitebetreiber bietet Ihnen einen Newsletter an, in welchem er Sie \u00fcber aktuelle Geschehnisse und Angebote informiert. M\u00f6chten Sie den Newsletter abonnieren, m\u00fcssen Sie eine valide E-Mail-Adresse angeben. Wenn Sie den Newsletter abonnieren, erkl\u00e4ren Sie sich mit dem Newsletter-Empfang und den erl\u00e4uterten Verfahren einverstanden.<\/p>\n<p>Der Newsletterversand erfolgt durch den Versanddienstleister rapidmail GmbH, Augustinerplatz 2, 79098 Freiburg, Deutschland. Informationen \u00fcber die Datenschutzbestimmungen des Versanddienstleisters erhalten Sie unter: https:\/\/www.rapidmail.de\/datensicherheit<\/p>\n<p>Widerruf und K\u00fcndigung: Ihre Einwilligung zum Erhalt des Newsletter k\u00f6nnen Sie jederzeit widerrufen und somit das Newsletter-Abonnement k\u00fcndigen. Nach Ihrer K\u00fcndigung erfolgt die L\u00f6schung Ihre personenbezogenen Daten. Ihre Einwilligung in den Newsletterversand erlischt gleichzeitig. Am Ende jedes Newsletters finden Sie den Link zur K\u00fcndigung.<\/p>\n<p>Der Newsletter kann neben redaktionellen auch werbliche Inhalte enthalten.<\/p>\n<h5><strong>Rechte des Nutzers<\/strong><\/h5>\n<p>Sie haben als Nutzer das Recht, auf Antrag eine kostenlose Auskunft dar\u00fcber zu erhalten, welche personenbezogenen Daten \u00fcber Sie gespeichert wurden. Sie haben au\u00dferdem das Recht auf Berichtigung falscher Daten und auf die Verarbeitungseinschr\u00e4nkung oder L\u00f6schung Ihrer personenbezogenen Daten. Falls zutreffend, k\u00f6nnen Sie auch Ihr Recht auf Datenportabilit\u00e4t geltend machen. Sollten Sie annehmen, dass Ihre Daten unrechtm\u00e4\u00dfig verarbeitet wurden, k\u00f6nnen Sie eine Beschwerde bei der zust\u00e4ndigen Aufsichtsbeh\u00f6rde einreichen.<\/p>\n<h5><strong>L\u00f6schung von Daten<\/strong><\/h5>\n<p>Sofern Ihr Wunsch nicht mit einer gesetzlichen Pflicht zur Aufbewahrung von Daten (z. B. Vorratsdatenspeicherung) kollidiert, haben Sie ein Anrecht auf L\u00f6schung Ihrer Daten. Von uns gespeicherte Daten werden, sollten sie f\u00fcr ihre Zweckbestimmung nicht mehr vonn\u00f6ten sein und es keine gesetzlichen Aufbewahrungsfristen geben, gel\u00f6scht. Falls eine L\u00f6schung nicht durchgef\u00fchrt werden kann, da die Daten f\u00fcr zul\u00e4ssige gesetzliche Zwecke erforderlich sind, erfolgt eine Einschr\u00e4nkung der Datenverarbeitung. In diesem Fall werden die Daten gesperrt und nicht f\u00fcr andere Zwecke verarbeitet.<\/p>\n<h5><strong>Widerspruchsrecht<\/strong><\/h5>\n<p>Nutzer dieser Webseite k\u00f6nnen von ihrem Widerspruchsrecht Gebrauch machen und der Verarbeitung ihrer personenbezogenen Daten zu jeder Zeit widersprechen.<\/p>\n<p>Wenn Sie eine Berichtigung, Sperrung, L\u00f6schung oder Auskunft \u00fcber die zu Ihrer Person gespeicherten personenbezogenen Daten w\u00fcnschen oder Fragen bzgl. der Erhebung, Verarbeitung oder Verwendung Ihrer personenbezogenen Daten haben oder erteilte Einwilligungen widerrufen m\u00f6chten, wenden Sie sich bitte an folgende E-Mail-Adresse: info@clean-smoke-coalition.eu<\/p>\n<h5><strong>SSL-Verschl\u00fcsselung<\/strong><\/h5>\n<p>Um Ihre \u00fcbermittelten Daten bestm\u00f6glich zu sch\u00fctzen nutzen die Websitebetreiber eine SSL-Verschl\u00fcsselung. Sie erkennen derart verschl\u00fcsselte Verbindungen an dem Pr\u00e4fix \u201chttps:\/\/\u201c im Seitenlink in der Adresszeile Ihres Browsers. Unverschl\u00fcsselte Seite sind durch \u201ehttp:\/\/\u201c gekennzeichnet. S\u00e4mtliche Daten, welche Sie an diese Website \u00fcbermitteln \u2013 etwa bei Anfragen oder Logins \u2013 k\u00f6nnen dank SSL-Verschl\u00fcsselung nicht von Dritten gelesen werden.<\/p>\n<p>&nbsp;<\/p>\n<p>&nbsp;<\/p>\n<p><strong><em>&nbsp;<\/em><\/strong><\/p>\n","protected":false},"excerpt":{"rendered":"<p>Datenschutzerkl\u00e4rung Grundlegendes Diese Datenschutzerkl\u00e4rung soll die Nutzer dieser Website \u00fcber die Art, den Umfang und den Zweck der Erhebung und Verwendung personenbezogener Daten durch den Websitebetreiber CleanSmoke Coalition informieren. Der Websitebetreiber nimmt Ihren Datenschutz sehr ernst und behandelt Ihre personenbezogenen<\/p>\n","protected":false},"author":8,"featured_media":0,"parent":0,"menu_order":0,"comment_status":"closed","ping_status":"closed","template":"","meta":{"ngg_post_thumbnail":0,"footnotes":""},"class_list":["post-1238","page","type-page","status-publish","hentry"],"translation":{"provider":"WPGlobus","version":"3.0.2","language":"de","enabled_languages":["gb","fr","de","ru"],"languages":{"gb":{"title":true,"content":true,"excerpt":false},"fr":{"title":false,"content":false,"excerpt":false},"de":{"title":true,"content":true,"excerpt":false},"ru":{"title":false,"content":false,"excerpt":false}}},"yoast_head":"<!-- This site is optimized with the Yoast SEO plugin v27.3 - https:\/\/yoast.com\/product\/yoast-seo-wordpress\/ -->\n<title>Datenschutz - Clean Smoke Coalition<\/title>\n<meta name=\"robots\" content=\"index, follow, max-snippet:-1, max-image-preview:large, max-video-preview:-1\" \/>\n<link rel=\"canonical\" href=\"https:\/\/clean-smoke-coalition.eu\/fr\/data-protection\/\" \/>\n<meta property=\"og:locale\" content=\"de_DE\" \/>\n<meta property=\"og:type\" content=\"article\" \/>\n<meta property=\"og:title\" content=\"Datenschutz - Clean Smoke Coalition\" \/>\n<meta property=\"og:url\" content=\"https:\/\/clean-smoke-coalition.eu\/fr\/data-protection\/\" \/>\n<meta property=\"og:site_name\" content=\"Clean Smoke Coalition\" \/>\n<meta property=\"article:modified_time\" content=\"2018-05-23T14:40:10+00:00\" \/>\n<meta name=\"twitter:card\" content=\"summary_large_image\" \/>\n<meta name=\"twitter:label1\" content=\"Gesch\u00e4tzte Lesezeit\" \/>\n\t<meta name=\"twitter:data1\" content=\"11\u00a0Minuten\" \/>\n<script type=\"application\/ld+json\" class=\"yoast-schema-graph\">{\"@context\":\"https:\\\/\\\/schema.org\",\"@graph\":[{\"@type\":\"WebPage\",\"@id\":\"https:\\\/\\\/clean-smoke-coalition.eu\\\/fr\\\/data-protection\\\/\",\"url\":\"https:\\\/\\\/clean-smoke-coalition.eu\\\/fr\\\/data-protection\\\/\",\"name\":\"Datenschutz - Clean Smoke Coalition\",\"isPartOf\":{\"@id\":\"https:\\\/\\\/clean-smoke-coalition.eu\\\/#website\"},\"datePublished\":\"2018-05-23T08:56:37+00:00\",\"dateModified\":\"2018-05-23T14:40:10+00:00\",\"breadcrumb\":{\"@id\":\"https:\\\/\\\/clean-smoke-coalition.eu\\\/fr\\\/data-protection\\\/#breadcrumb\"},\"inLanguage\":\"de\",\"potentialAction\":[{\"@type\":\"ReadAction\",\"target\":[\"https:\\\/\\\/clean-smoke-coalition.eu\\\/fr\\\/data-protection\\\/\"]}]},{\"@type\":\"BreadcrumbList\",\"@id\":\"https:\\\/\\\/clean-smoke-coalition.eu\\\/fr\\\/data-protection\\\/#breadcrumb\",\"itemListElement\":[{\"@type\":\"ListItem\",\"position\":1,\"name\":\"Startseite\",\"item\":\"https:\\\/\\\/clean-smoke-coalition.eu\\\/\"},{\"@type\":\"ListItem\",\"position\":2,\"name\":\"Data protection\"}]},{\"@type\":\"WebSite\",\"@id\":\"https:\\\/\\\/clean-smoke-coalition.eu\\\/#website\",\"url\":\"https:\\\/\\\/clean-smoke-coalition.eu\\\/\",\"name\":\"Clean Smoke Coalition\",\"description\":\" \",\"publisher\":{\"@id\":\"https:\\\/\\\/clean-smoke-coalition.eu\\\/#organization\"},\"potentialAction\":[{\"@type\":\"SearchAction\",\"target\":{\"@type\":\"EntryPoint\",\"urlTemplate\":\"https:\\\/\\\/clean-smoke-coalition.eu\\\/?s={search_term_string}\"},\"query-input\":{\"@type\":\"PropertyValueSpecification\",\"valueRequired\":true,\"valueName\":\"search_term_string\"}}],\"inLanguage\":\"de\"},{\"@type\":\"Organization\",\"@id\":\"https:\\\/\\\/clean-smoke-coalition.eu\\\/#organization\",\"name\":\"Clean Smoke Coalition\",\"url\":\"https:\\\/\\\/clean-smoke-coalition.eu\\\/\",\"logo\":{\"@type\":\"ImageObject\",\"inLanguage\":\"de\",\"@id\":\"https:\\\/\\\/clean-smoke-coalition.eu\\\/#\\\/schema\\\/logo\\\/image\\\/\",\"url\":\"https:\\\/\\\/clean-smoke-coalition.eu\\\/wp-content\\\/uploads\\\/2017\\\/05\\\/cropped-csc-Logo-1-3.png\",\"contentUrl\":\"https:\\\/\\\/clean-smoke-coalition.eu\\\/wp-content\\\/uploads\\\/2017\\\/05\\\/cropped-csc-Logo-1-3.png\",\"width\":172,\"height\":103,\"caption\":\"Clean Smoke Coalition\"},\"image\":{\"@id\":\"https:\\\/\\\/clean-smoke-coalition.eu\\\/#\\\/schema\\\/logo\\\/image\\\/\"}}]}<\/script>\n<!-- \/ Yoast SEO plugin. -->","yoast_head_json":{"title":"Datenschutz - Clean Smoke Coalition","robots":{"index":"index","follow":"follow","max-snippet":"max-snippet:-1","max-image-preview":"max-image-preview:large","max-video-preview":"max-video-preview:-1"},"canonical":"https:\/\/clean-smoke-coalition.eu\/fr\/data-protection\/","og_locale":"de_DE","og_type":"article","og_title":"Datenschutz - Clean Smoke Coalition","og_url":"https:\/\/clean-smoke-coalition.eu\/fr\/data-protection\/","og_site_name":"Clean Smoke Coalition","article_modified_time":"2018-05-23T14:40:10+00:00","twitter_card":"summary_large_image","twitter_misc":{"Gesch\u00e4tzte Lesezeit":"11\u00a0Minuten"},"schema":{"@context":"https:\/\/schema.org","@graph":[{"@type":"WebPage","@id":"https:\/\/clean-smoke-coalition.eu\/fr\/data-protection\/","url":"https:\/\/clean-smoke-coalition.eu\/fr\/data-protection\/","name":"Datenschutz - Clean Smoke Coalition","isPartOf":{"@id":"https:\/\/clean-smoke-coalition.eu\/#website"},"datePublished":"2018-05-23T08:56:37+00:00","dateModified":"2018-05-23T14:40:10+00:00","breadcrumb":{"@id":"https:\/\/clean-smoke-coalition.eu\/fr\/data-protection\/#breadcrumb"},"inLanguage":"de","potentialAction":[{"@type":"ReadAction","target":["https:\/\/clean-smoke-coalition.eu\/fr\/data-protection\/"]}]},{"@type":"BreadcrumbList","@id":"https:\/\/clean-smoke-coalition.eu\/fr\/data-protection\/#breadcrumb","itemListElement":[{"@type":"ListItem","position":1,"name":"Startseite","item":"https:\/\/clean-smoke-coalition.eu\/"},{"@type":"ListItem","position":2,"name":"Data protection"}]},{"@type":"WebSite","@id":"https:\/\/clean-smoke-coalition.eu\/#website","url":"https:\/\/clean-smoke-coalition.eu\/","name":"Clean Smoke Coalition","description":" ","publisher":{"@id":"https:\/\/clean-smoke-coalition.eu\/#organization"},"potentialAction":[{"@type":"SearchAction","target":{"@type":"EntryPoint","urlTemplate":"https:\/\/clean-smoke-coalition.eu\/?s={search_term_string}"},"query-input":{"@type":"PropertyValueSpecification","valueRequired":true,"valueName":"search_term_string"}}],"inLanguage":"de"},{"@type":"Organization","@id":"https:\/\/clean-smoke-coalition.eu\/#organization","name":"Clean Smoke Coalition","url":"https:\/\/clean-smoke-coalition.eu\/","logo":{"@type":"ImageObject","inLanguage":"de","@id":"https:\/\/clean-smoke-coalition.eu\/#\/schema\/logo\/image\/","url":"https:\/\/clean-smoke-coalition.eu\/wp-content\/uploads\/2017\/05\/cropped-csc-Logo-1-3.png","contentUrl":"https:\/\/clean-smoke-coalition.eu\/wp-content\/uploads\/2017\/05\/cropped-csc-Logo-1-3.png","width":172,"height":103,"caption":"Clean Smoke Coalition"},"image":{"@id":"https:\/\/clean-smoke-coalition.eu\/#\/schema\/logo\/image\/"}}]}},"_links":{"self":[{"href":"https:\/\/clean-smoke-coalition.eu\/de\/wp-json\/wp\/v2\/pages\/1238","targetHints":{"allow":["GET"]}}],"collection":[{"href":"https:\/\/clean-smoke-coalition.eu\/de\/wp-json\/wp\/v2\/pages"}],"about":[{"href":"https:\/\/clean-smoke-coalition.eu\/de\/wp-json\/wp\/v2\/types\/page"}],"author":[{"embeddable":true,"href":"https:\/\/clean-smoke-coalition.eu\/de\/wp-json\/wp\/v2\/users\/8"}],"replies":[{"embeddable":true,"href":"https:\/\/clean-smoke-coalition.eu\/de\/wp-json\/wp\/v2\/comments?post=1238"}],"version-history":[{"count":8,"href":"https:\/\/clean-smoke-coalition.eu\/de\/wp-json\/wp\/v2\/pages\/1238\/revisions"}],"predecessor-version":[{"id":1255,"href":"https:\/\/clean-smoke-coalition.eu\/de\/wp-json\/wp\/v2\/pages\/1238\/revisions\/1255"}],"wp:attachment":[{"href":"https:\/\/clean-smoke-coalition.eu\/de\/wp-json\/wp\/v2\/media?parent=1238"}],"curies":[{"name":"wp","href":"https:\/\/api.w.org\/{rel}","templated":true}]}}