{"id":507,"date":"2017-07-11T13:42:59","date_gmt":"2017-07-11T11:42:59","guid":{"rendered":"http:\/\/testwiese.pr-redakteure.com\/csc\/?page_id=507"},"modified":"2020-03-05T10:06:56","modified_gmt":"2020-03-05T09:06:56","slug":"about-us","status":"publish","type":"page","link":"https:\/\/clean-smoke-coalition.eu\/de\/about-us\/","title":{"rendered":"Sauberer Rauch: Tradition nachhaltig gelebt \u2013 Modernisierung tradierter Formen der Lebensmittelverarbeitung &#8230; mit Geschmack"},"content":{"rendered":"<p>Vorgereinigter Rauch (CleanSmoke), Raucharomen und neue Methoden zur Verbesserung des konventionellen R\u00e4ucherns bezwecken, das R\u00e4uchern als Verfahren zur Geschmacksgebung und Lebensmittelkonservierung ges\u00fcnder und nachhaltiger zu machen.<\/p>\n<p>Die CleanSmokeCoalition tritt daf\u00fcr ein, Innovationen bei R\u00e4ucherprozessen eine Plattform und ein Sprachrohr gegen\u00fcber der Politik zu geben. Der Verband ist die Vertretung von Wirtschaftsbeteiligten, die f\u00fcr moderne Rauchertechnologien stehen, f\u00f6rdert innovatives R\u00e4uchern in allen seinen Formen und vertritt dessen Interessen gegen\u00fcber dem Gesetzgeber. Die CleanSmokeCoalition zielt darauf ab, alle Wirtschaftsbeteiligten und Wissenschaftler zu vereinen, die bereit sind, das R\u00e4uchern zu verbessern und tradierte Verfahren der Lebensmittelverarbeitung zukunftssicher zu machen.<\/p>\n<p>\u2022 Sauber f\u00fcr die Gesundheit<br \/>\n\u2022 Sauber f\u00fcr die Umwelt<br \/>\n\u2022 Besser f\u00fcr KMU<br \/>\n\u2022 Besser f\u00fcr Arbeitssicherheit<br \/>\n\u2022 Besser f\u00fcr Emissionsschutz<br \/>\n\u2022 Besser f\u00fcr die Aufrechterhaltung traditioneller Herstellungsformen<\/p>\n<p>Die CleanSmokeCoalition will Ansprechpartner f\u00fcr die Lebensmittelwirtschaft einschlie\u00dflich des Einzelhandels sowie f\u00fcr Verbraucher, Umweltsch\u00fctzer und deren Organisationen sein. Wir m\u00f6chten ebenso die \u00d6ffentlichkeit \u00fcber neue Entwicklungen informieren und streben danach, zur Anlaufstelle f\u00fcr die gesamte Lebensmittelwirtschaft zu allen Fragen des R\u00e4ucherns zu werden.<\/p>\n<p>Diese Website ist nur auf Englisch verf\u00fcgbar. Sie k\u00f6nnen uns aber gerne sowohl m\u00fcndlich als auch schriftlich in deutscher Sprache ansprechen.<\/p>\n","protected":false},"excerpt":{"rendered":"<p>Vorgereinigter Rauch (CleanSmoke), Raucharomen und neue Methoden zur Verbesserung des konventionellen R\u00e4ucherns bezwecken, das R\u00e4uchern als Verfahren zur Geschmacksgebung und Lebensmittelkonservierung ges\u00fcnder und nachhaltiger zu machen. Die CleanSmokeCoalition tritt daf\u00fcr ein, Innovationen bei R\u00e4ucherprozessen eine Plattform und ein Sprachrohr gegen\u00fcber<\/p>\n","protected":false},"author":2,"featured_media":0,"parent":0,"menu_order":0,"comment_status":"closed","ping_status":"closed","template":"","meta":{"ngg_post_thumbnail":0,"footnotes":""},"class_list":["post-507","page","type-page","status-publish","hentry"],"translation":{"provider":"WPGlobus","version":"3.0.2","language":"de","enabled_languages":["gb","fr","de","ru"],"languages":{"gb":{"title":true,"content":true,"excerpt":false},"fr":{"title":true,"content":true,"excerpt":false},"de":{"title":true,"content":true,"excerpt":false},"ru":{"title":true,"content":true,"excerpt":false}}},"yoast_head":"<!-- This site is optimized with the Yoast SEO plugin v27.3 - https:\/\/yoast.com\/product\/yoast-seo-wordpress\/ -->\n<title>Sauberer Rauch: Tradition nachhaltig gelebt \u2013 Modernisierung tradierter Formen der Lebensmittelverarbeitung ... mit Geschmack - Clean Smoke Coalition<\/title>\n<meta name=\"robots\" content=\"index, follow, max-snippet:-1, max-image-preview:large, max-video-preview:-1\" \/>\n<link rel=\"canonical\" href=\"https:\/\/clean-smoke-coalition.eu\/about-us\/\" \/>\n<meta property=\"og:locale\" content=\"de_DE\" \/>\n<meta property=\"og:type\" content=\"article\" \/>\n<meta property=\"og:title\" content=\"Sauberer Rauch: Tradition nachhaltig gelebt \u2013 Modernisierung tradierter Formen der Lebensmittelverarbeitung ... mit Geschmack - Clean Smoke Coalition\" \/>\n<meta property=\"og:url\" content=\"https:\/\/clean-smoke-coalition.eu\/about-us\/\" \/>\n<meta property=\"og:site_name\" content=\"Clean Smoke Coalition\" \/>\n<meta property=\"article:modified_time\" content=\"2020-03-05T09:06:56+00:00\" \/>\n<meta name=\"twitter:card\" content=\"summary_large_image\" \/>\n<meta name=\"twitter:label1\" content=\"Gesch\u00e4tzte Lesezeit\" \/>\n\t<meta name=\"twitter:data1\" content=\"4\u00a0Minuten\" \/>\n<script type=\"application\/ld+json\" class=\"yoast-schema-graph\">{\"@context\":\"https:\\\/\\\/schema.org\",\"@graph\":[{\"@type\":\"WebPage\",\"@id\":\"https:\\\/\\\/clean-smoke-coalition.eu\\\/about-us\\\/\",\"url\":\"https:\\\/\\\/clean-smoke-coalition.eu\\\/about-us\\\/\",\"name\":\"Sauberer Rauch: Tradition nachhaltig gelebt \u2013 Modernisierung tradierter Formen der Lebensmittelverarbeitung ... mit Geschmack - Clean Smoke Coalition\",\"isPartOf\":{\"@id\":\"https:\\\/\\\/clean-smoke-coalition.eu\\\/#website\"},\"datePublished\":\"2017-07-11T11:42:59+00:00\",\"dateModified\":\"2020-03-05T09:06:56+00:00\",\"breadcrumb\":{\"@id\":\"https:\\\/\\\/clean-smoke-coalition.eu\\\/about-us\\\/#breadcrumb\"},\"inLanguage\":\"de\",\"potentialAction\":[{\"@type\":\"ReadAction\",\"target\":[\"https:\\\/\\\/clean-smoke-coalition.eu\\\/about-us\\\/\"]}]},{\"@type\":\"BreadcrumbList\",\"@id\":\"https:\\\/\\\/clean-smoke-coalition.eu\\\/about-us\\\/#breadcrumb\",\"itemListElement\":[{\"@type\":\"ListItem\",\"position\":1,\"name\":\"Startseite\",\"item\":\"https:\\\/\\\/clean-smoke-coalition.eu\\\/\"},{\"@type\":\"ListItem\",\"position\":2,\"name\":\"Clean Smoke: Tradition made sustainable \u2013 Modernising ancient forms of food processing \u2026 with taste\"}]},{\"@type\":\"WebSite\",\"@id\":\"https:\\\/\\\/clean-smoke-coalition.eu\\\/#website\",\"url\":\"https:\\\/\\\/clean-smoke-coalition.eu\\\/\",\"name\":\"Clean Smoke Coalition\",\"description\":\" \",\"publisher\":{\"@id\":\"https:\\\/\\\/clean-smoke-coalition.eu\\\/#organization\"},\"potentialAction\":[{\"@type\":\"SearchAction\",\"target\":{\"@type\":\"EntryPoint\",\"urlTemplate\":\"https:\\\/\\\/clean-smoke-coalition.eu\\\/?s={search_term_string}\"},\"query-input\":{\"@type\":\"PropertyValueSpecification\",\"valueRequired\":true,\"valueName\":\"search_term_string\"}}],\"inLanguage\":\"de\"},{\"@type\":\"Organization\",\"@id\":\"https:\\\/\\\/clean-smoke-coalition.eu\\\/#organization\",\"name\":\"Clean Smoke Coalition\",\"url\":\"https:\\\/\\\/clean-smoke-coalition.eu\\\/\",\"logo\":{\"@type\":\"ImageObject\",\"inLanguage\":\"de\",\"@id\":\"https:\\\/\\\/clean-smoke-coalition.eu\\\/#\\\/schema\\\/logo\\\/image\\\/\",\"url\":\"https:\\\/\\\/clean-smoke-coalition.eu\\\/wp-content\\\/uploads\\\/2017\\\/05\\\/cropped-csc-Logo-1-3.png\",\"contentUrl\":\"https:\\\/\\\/clean-smoke-coalition.eu\\\/wp-content\\\/uploads\\\/2017\\\/05\\\/cropped-csc-Logo-1-3.png\",\"width\":172,\"height\":103,\"caption\":\"Clean Smoke Coalition\"},\"image\":{\"@id\":\"https:\\\/\\\/clean-smoke-coalition.eu\\\/#\\\/schema\\\/logo\\\/image\\\/\"}}]}<\/script>\n<!-- \/ Yoast SEO plugin. -->","yoast_head_json":{"title":"Sauberer Rauch: Tradition nachhaltig gelebt \u2013 Modernisierung tradierter Formen der Lebensmittelverarbeitung ... mit Geschmack - Clean Smoke Coalition","robots":{"index":"index","follow":"follow","max-snippet":"max-snippet:-1","max-image-preview":"max-image-preview:large","max-video-preview":"max-video-preview:-1"},"canonical":"https:\/\/clean-smoke-coalition.eu\/about-us\/","og_locale":"de_DE","og_type":"article","og_title":"Sauberer Rauch: Tradition nachhaltig gelebt \u2013 Modernisierung tradierter Formen der Lebensmittelverarbeitung ... mit Geschmack - Clean Smoke Coalition","og_url":"https:\/\/clean-smoke-coalition.eu\/about-us\/","og_site_name":"Clean Smoke Coalition","article_modified_time":"2020-03-05T09:06:56+00:00","twitter_card":"summary_large_image","twitter_misc":{"Gesch\u00e4tzte Lesezeit":"4\u00a0Minuten"},"schema":{"@context":"https:\/\/schema.org","@graph":[{"@type":"WebPage","@id":"https:\/\/clean-smoke-coalition.eu\/about-us\/","url":"https:\/\/clean-smoke-coalition.eu\/about-us\/","name":"Sauberer Rauch: Tradition nachhaltig gelebt \u2013 Modernisierung tradierter Formen der Lebensmittelverarbeitung ... mit Geschmack - Clean Smoke Coalition","isPartOf":{"@id":"https:\/\/clean-smoke-coalition.eu\/#website"},"datePublished":"2017-07-11T11:42:59+00:00","dateModified":"2020-03-05T09:06:56+00:00","breadcrumb":{"@id":"https:\/\/clean-smoke-coalition.eu\/about-us\/#breadcrumb"},"inLanguage":"de","potentialAction":[{"@type":"ReadAction","target":["https:\/\/clean-smoke-coalition.eu\/about-us\/"]}]},{"@type":"BreadcrumbList","@id":"https:\/\/clean-smoke-coalition.eu\/about-us\/#breadcrumb","itemListElement":[{"@type":"ListItem","position":1,"name":"Startseite","item":"https:\/\/clean-smoke-coalition.eu\/"},{"@type":"ListItem","position":2,"name":"Clean Smoke: Tradition made sustainable \u2013 Modernising ancient forms of food processing \u2026 with taste"}]},{"@type":"WebSite","@id":"https:\/\/clean-smoke-coalition.eu\/#website","url":"https:\/\/clean-smoke-coalition.eu\/","name":"Clean Smoke Coalition","description":" ","publisher":{"@id":"https:\/\/clean-smoke-coalition.eu\/#organization"},"potentialAction":[{"@type":"SearchAction","target":{"@type":"EntryPoint","urlTemplate":"https:\/\/clean-smoke-coalition.eu\/?s={search_term_string}"},"query-input":{"@type":"PropertyValueSpecification","valueRequired":true,"valueName":"search_term_string"}}],"inLanguage":"de"},{"@type":"Organization","@id":"https:\/\/clean-smoke-coalition.eu\/#organization","name":"Clean Smoke Coalition","url":"https:\/\/clean-smoke-coalition.eu\/","logo":{"@type":"ImageObject","inLanguage":"de","@id":"https:\/\/clean-smoke-coalition.eu\/#\/schema\/logo\/image\/","url":"https:\/\/clean-smoke-coalition.eu\/wp-content\/uploads\/2017\/05\/cropped-csc-Logo-1-3.png","contentUrl":"https:\/\/clean-smoke-coalition.eu\/wp-content\/uploads\/2017\/05\/cropped-csc-Logo-1-3.png","width":172,"height":103,"caption":"Clean Smoke Coalition"},"image":{"@id":"https:\/\/clean-smoke-coalition.eu\/#\/schema\/logo\/image\/"}}]}},"_links":{"self":[{"href":"https:\/\/clean-smoke-coalition.eu\/de\/wp-json\/wp\/v2\/pages\/507","targetHints":{"allow":["GET"]}}],"collection":[{"href":"https:\/\/clean-smoke-coalition.eu\/de\/wp-json\/wp\/v2\/pages"}],"about":[{"href":"https:\/\/clean-smoke-coalition.eu\/de\/wp-json\/wp\/v2\/types\/page"}],"author":[{"embeddable":true,"href":"https:\/\/clean-smoke-coalition.eu\/de\/wp-json\/wp\/v2\/users\/2"}],"replies":[{"embeddable":true,"href":"https:\/\/clean-smoke-coalition.eu\/de\/wp-json\/wp\/v2\/comments?post=507"}],"version-history":[{"count":7,"href":"https:\/\/clean-smoke-coalition.eu\/de\/wp-json\/wp\/v2\/pages\/507\/revisions"}],"predecessor-version":[{"id":1596,"href":"https:\/\/clean-smoke-coalition.eu\/de\/wp-json\/wp\/v2\/pages\/507\/revisions\/1596"}],"wp:attachment":[{"href":"https:\/\/clean-smoke-coalition.eu\/de\/wp-json\/wp\/v2\/media?parent=507"}],"curies":[{"name":"wp","href":"https:\/\/api.w.org\/{rel}","templated":true}]}}