{"id":519,"date":"2017-07-11T13:38:04","date_gmt":"2017-07-11T11:38:04","guid":{"rendered":"http:\/\/testwiese.pr-redakteure.com\/csc\/?page_id=519"},"modified":"2018-03-08T12:39:13","modified_gmt":"2018-03-08T11:39:13","slug":"contact","status":"publish","type":"page","link":"https:\/\/clean-smoke-coalition.eu\/fr\/contact\/","title":{"rendered":"Contact"},"content":{"rendered":"<p>CleanSmokeCoalition<br \/>\nAvenue de la Renaissance 1<br \/>\nB-1000 Brussels<br \/>\nTel: +32 (0)2-739 62 62<br \/>\nEmail: info@clean-smoke-coalition.eu<\/p>\n<p><em>You may speak and write to us in English.<\/em><br \/>\n<em>Vous pouvez nous parler et \u00e9crire en Fran\u00e7ais.<\/em><br \/>\n<em>Sie k\u00f6nnen uns in deutscher Sprache ansprechen und -schreiben.<\/em><\/p>\n","protected":false},"excerpt":{"rendered":"<p>CleanSmokeCoalition Avenue de la Renaissance 1 B-1000 Brussels Tel: +32 (0)2-739 62 62 Email: info@clean-smoke-coalition.eu You may speak and write to us in English. Vous pouvez nous parler et \u00e9crire en Fran\u00e7ais. Sie k\u00f6nnen uns in deutscher Sprache ansprechen und<\/p>\n","protected":false},"author":2,"featured_media":0,"parent":0,"menu_order":0,"comment_status":"closed","ping_status":"closed","template":"","meta":{"ngg_post_thumbnail":0,"footnotes":""},"class_list":["post-519","page","type-page","status-publish","hentry"],"translation":{"provider":"WPGlobus","version":"3.0.2","language":"fr","enabled_languages":["gb","fr","de","ru"],"languages":{"gb":{"title":true,"content":true,"excerpt":false},"fr":{"title":false,"content":true,"excerpt":false},"de":{"title":false,"content":true,"excerpt":false},"ru":{"title":false,"content":false,"excerpt":false}}},"yoast_head":"<!-- This site is optimized with the Yoast SEO plugin v27.3 - https:\/\/yoast.com\/product\/yoast-seo-wordpress\/ -->\n<title>Contact - Clean Smoke Coalition<\/title>\n<meta name=\"robots\" content=\"index, follow, max-snippet:-1, max-image-preview:large, max-video-preview:-1\" \/>\n<link rel=\"canonical\" href=\"https:\/\/clean-smoke-coalition.eu\/contact\/\" \/>\n<meta property=\"og:locale\" content=\"fr_FR\" \/>\n<meta property=\"og:type\" content=\"article\" \/>\n<meta property=\"og:title\" content=\"Contact - Clean Smoke Coalition\" \/>\n<meta property=\"og:url\" content=\"https:\/\/clean-smoke-coalition.eu\/contact\/\" \/>\n<meta property=\"og:site_name\" content=\"Clean Smoke Coalition\" \/>\n<meta property=\"article:modified_time\" content=\"2018-03-08T11:39:13+00:00\" \/>\n<meta name=\"twitter:card\" content=\"summary_large_image\" \/>\n<meta name=\"twitter:label1\" content=\"Est. reading time\" \/>\n\t<meta name=\"twitter:data1\" content=\"1 minute\" \/>\n<script type=\"application\/ld+json\" class=\"yoast-schema-graph\">{\"@context\":\"https:\\\/\\\/schema.org\",\"@graph\":[{\"@type\":\"WebPage\",\"@id\":\"https:\\\/\\\/clean-smoke-coalition.eu\\\/contact\\\/\",\"url\":\"https:\\\/\\\/clean-smoke-coalition.eu\\\/contact\\\/\",\"name\":\"Contact - Clean Smoke Coalition\",\"isPartOf\":{\"@id\":\"https:\\\/\\\/clean-smoke-coalition.eu\\\/#website\"},\"datePublished\":\"2017-07-11T11:38:04+00:00\",\"dateModified\":\"2018-03-08T11:39:13+00:00\",\"breadcrumb\":{\"@id\":\"https:\\\/\\\/clean-smoke-coalition.eu\\\/contact\\\/#breadcrumb\"},\"inLanguage\":\"fr-FR\",\"potentialAction\":[{\"@type\":\"ReadAction\",\"target\":[\"https:\\\/\\\/clean-smoke-coalition.eu\\\/contact\\\/\"]}]},{\"@type\":\"BreadcrumbList\",\"@id\":\"https:\\\/\\\/clean-smoke-coalition.eu\\\/contact\\\/#breadcrumb\",\"itemListElement\":[{\"@type\":\"ListItem\",\"position\":1,\"name\":\"Startseite\",\"item\":\"https:\\\/\\\/clean-smoke-coalition.eu\\\/\"},{\"@type\":\"ListItem\",\"position\":2,\"name\":\"Contact\"}]},{\"@type\":\"WebSite\",\"@id\":\"https:\\\/\\\/clean-smoke-coalition.eu\\\/#website\",\"url\":\"https:\\\/\\\/clean-smoke-coalition.eu\\\/\",\"name\":\"Clean Smoke Coalition\",\"description\":\" \",\"publisher\":{\"@id\":\"https:\\\/\\\/clean-smoke-coalition.eu\\\/#organization\"},\"potentialAction\":[{\"@type\":\"SearchAction\",\"target\":{\"@type\":\"EntryPoint\",\"urlTemplate\":\"https:\\\/\\\/clean-smoke-coalition.eu\\\/?s={search_term_string}\"},\"query-input\":{\"@type\":\"PropertyValueSpecification\",\"valueRequired\":true,\"valueName\":\"search_term_string\"}}],\"inLanguage\":\"fr-FR\"},{\"@type\":\"Organization\",\"@id\":\"https:\\\/\\\/clean-smoke-coalition.eu\\\/#organization\",\"name\":\"Clean Smoke Coalition\",\"url\":\"https:\\\/\\\/clean-smoke-coalition.eu\\\/\",\"logo\":{\"@type\":\"ImageObject\",\"inLanguage\":\"fr-FR\",\"@id\":\"https:\\\/\\\/clean-smoke-coalition.eu\\\/#\\\/schema\\\/logo\\\/image\\\/\",\"url\":\"https:\\\/\\\/clean-smoke-coalition.eu\\\/wp-content\\\/uploads\\\/2017\\\/05\\\/cropped-csc-Logo-1-3.png\",\"contentUrl\":\"https:\\\/\\\/clean-smoke-coalition.eu\\\/wp-content\\\/uploads\\\/2017\\\/05\\\/cropped-csc-Logo-1-3.png\",\"width\":172,\"height\":103,\"caption\":\"Clean Smoke Coalition\"},\"image\":{\"@id\":\"https:\\\/\\\/clean-smoke-coalition.eu\\\/#\\\/schema\\\/logo\\\/image\\\/\"}}]}<\/script>\n<!-- \/ Yoast SEO plugin. -->","yoast_head_json":{"title":"Contact - Clean Smoke Coalition","robots":{"index":"index","follow":"follow","max-snippet":"max-snippet:-1","max-image-preview":"max-image-preview:large","max-video-preview":"max-video-preview:-1"},"canonical":"https:\/\/clean-smoke-coalition.eu\/contact\/","og_locale":"fr_FR","og_type":"article","og_title":"Contact - Clean Smoke Coalition","og_url":"https:\/\/clean-smoke-coalition.eu\/contact\/","og_site_name":"Clean Smoke Coalition","article_modified_time":"2018-03-08T11:39:13+00:00","twitter_card":"summary_large_image","twitter_misc":{"Est. reading time":"1 minute"},"schema":{"@context":"https:\/\/schema.org","@graph":[{"@type":"WebPage","@id":"https:\/\/clean-smoke-coalition.eu\/contact\/","url":"https:\/\/clean-smoke-coalition.eu\/contact\/","name":"Contact - Clean Smoke Coalition","isPartOf":{"@id":"https:\/\/clean-smoke-coalition.eu\/#website"},"datePublished":"2017-07-11T11:38:04+00:00","dateModified":"2018-03-08T11:39:13+00:00","breadcrumb":{"@id":"https:\/\/clean-smoke-coalition.eu\/contact\/#breadcrumb"},"inLanguage":"fr-FR","potentialAction":[{"@type":"ReadAction","target":["https:\/\/clean-smoke-coalition.eu\/contact\/"]}]},{"@type":"BreadcrumbList","@id":"https:\/\/clean-smoke-coalition.eu\/contact\/#breadcrumb","itemListElement":[{"@type":"ListItem","position":1,"name":"Startseite","item":"https:\/\/clean-smoke-coalition.eu\/"},{"@type":"ListItem","position":2,"name":"Contact"}]},{"@type":"WebSite","@id":"https:\/\/clean-smoke-coalition.eu\/#website","url":"https:\/\/clean-smoke-coalition.eu\/","name":"Clean Smoke Coalition","description":" ","publisher":{"@id":"https:\/\/clean-smoke-coalition.eu\/#organization"},"potentialAction":[{"@type":"SearchAction","target":{"@type":"EntryPoint","urlTemplate":"https:\/\/clean-smoke-coalition.eu\/?s={search_term_string}"},"query-input":{"@type":"PropertyValueSpecification","valueRequired":true,"valueName":"search_term_string"}}],"inLanguage":"fr-FR"},{"@type":"Organization","@id":"https:\/\/clean-smoke-coalition.eu\/#organization","name":"Clean Smoke Coalition","url":"https:\/\/clean-smoke-coalition.eu\/","logo":{"@type":"ImageObject","inLanguage":"fr-FR","@id":"https:\/\/clean-smoke-coalition.eu\/#\/schema\/logo\/image\/","url":"https:\/\/clean-smoke-coalition.eu\/wp-content\/uploads\/2017\/05\/cropped-csc-Logo-1-3.png","contentUrl":"https:\/\/clean-smoke-coalition.eu\/wp-content\/uploads\/2017\/05\/cropped-csc-Logo-1-3.png","width":172,"height":103,"caption":"Clean Smoke Coalition"},"image":{"@id":"https:\/\/clean-smoke-coalition.eu\/#\/schema\/logo\/image\/"}}]}},"_links":{"self":[{"href":"https:\/\/clean-smoke-coalition.eu\/fr\/wp-json\/wp\/v2\/pages\/519","targetHints":{"allow":["GET"]}}],"collection":[{"href":"https:\/\/clean-smoke-coalition.eu\/fr\/wp-json\/wp\/v2\/pages"}],"about":[{"href":"https:\/\/clean-smoke-coalition.eu\/fr\/wp-json\/wp\/v2\/types\/page"}],"author":[{"embeddable":true,"href":"https:\/\/clean-smoke-coalition.eu\/fr\/wp-json\/wp\/v2\/users\/2"}],"replies":[{"embeddable":true,"href":"https:\/\/clean-smoke-coalition.eu\/fr\/wp-json\/wp\/v2\/comments?post=519"}],"version-history":[{"count":3,"href":"https:\/\/clean-smoke-coalition.eu\/fr\/wp-json\/wp\/v2\/pages\/519\/revisions"}],"predecessor-version":[{"id":1154,"href":"https:\/\/clean-smoke-coalition.eu\/fr\/wp-json\/wp\/v2\/pages\/519\/revisions\/1154"}],"wp:attachment":[{"href":"https:\/\/clean-smoke-coalition.eu\/fr\/wp-json\/wp\/v2\/media?parent=519"}],"curies":[{"name":"wp","href":"https:\/\/api.w.org\/{rel}","templated":true}]}}