{"id":545,"date":"2017-07-11T13:45:40","date_gmt":"2017-07-11T11:45:40","guid":{"rendered":"http:\/\/testwiese.pr-redakteure.com\/csc\/?page_id=545"},"modified":"2020-03-06T10:44:26","modified_gmt":"2020-03-06T09:44:26","slug":"welcome","status":"publish","type":"page","link":"https:\/\/clean-smoke-coalition.eu\/fr\/","title":{"rendered":"Fum\u00e9e \u00ab propre \u00bb"},"content":{"rendered":"<p><a href=\"https:\/\/clean-smoke-coalition.eu\/congress-2019\/\"><img fetchpriority=\"high\" decoding=\"async\" class=\"alignright wp-image-1541 size-medium\" src=\"https:\/\/clean-smoke-coalition.eu\/wp-content\/uploads\/2019\/09\/Congress-2019-Invitation-212x300.jpg\" alt=\"\" width=\"212\" height=\"300\" srcset=\"https:\/\/clean-smoke-coalition.eu\/wp-content\/uploads\/2019\/09\/Congress-2019-Invitation-212x300.jpg 212w, https:\/\/clean-smoke-coalition.eu\/wp-content\/uploads\/2019\/09\/Congress-2019-Invitation.jpg 646w\" sizes=\"(max-width: 212px) 100vw, 212px\" \/><\/a><\/p>\n<h2>Fum\u00e9e \u00ab&nbsp;propre&nbsp;\u00bb (CleanSmoke) : une tradition d\u00e9sormais durable via la modernisation des formes anciennes de transformation des aliments &#8230; avec go\u00fbt<\/h2>\n<p>La fum\u00e9e purifi\u00e9e, les ar\u00f4mes de fum\u00e9e et diverses autres m\u00e9thodes d\u2019am\u00e9lioration du fumage des denr\u00e9es alimentaires conventionnelles s\u2019efforcent de transformer ces aliments de fa\u00e7on plus saine et plus durable, tout en am\u00e9liorant leur saveur et leur conservation.<\/p>\n<p>La mission de&nbsp;CleanSmokeCoalition&nbsp;est de promouvoir, en tant que plateforme et d\u2019une seule voix, la fabrication et l\u2019utilisation d\u2019une fum\u00e9e innovante poursuivant de tels objectifs. Cette coalition assure ainsi la repr\u00e9sentation et la d\u00e9fense des int\u00e9r\u00eats des parties prenantes impliqu\u00e9es dans ces processus de fabrication et d\u2019utilisation des nouvelles technologies de fum\u00e9e innovante aupr\u00e8s des r\u00e9gulateurs.<\/p>\n<p>La&nbsp;CleanSmokeCoalition&nbsp;vise en outre \u00e0 r\u00e9unir toutes les parties prenantes et les scientifiques d\u00e9sireux d\u2019am\u00e9liorer les m\u00e9thodes de fabrication des fum\u00e9es et de permettre ainsi d\u2019offrir des technologies r\u00e9pondant aux nombreux d\u00e9fis qui se posent aujourd\u2019hui :<\/p>\n<p>\u2022 Propre pour la sant\u00e9<br \/>\n\u2022 Propre pour l&#8217;environnement et r\u00e9duisant les \u00e9missions<br \/>\n\u2022 Plus adapt\u00e9es pour les PME<br \/>\n\u2022 Assurant la s\u00e9curit\u00e9 au travail<br \/>\n\u2022 Garantissant le maintien des \u00e9l\u00e9ments essentiels des traditions<\/p>\n<p>La&nbsp;CleanSmokeCoalition&nbsp;s\u2019inscrit comme interlocuteur pour les secteurs du commerce alimentaire de gros et de d\u00e9tail, ainsi que pour les consommateurs, les \u00e9cologistes et leurs organisations. Cette coalition souhaite \u00e9galement informer le grand public des d\u00e9veloppements et aspirer \u00e0 devenir un point de r\u00e9f\u00e9rence pour le secteur de la fum\u00e9e de denr\u00e9es alimentaires.<\/p>\n<p>Ce site web est disponible seulement dans la langue anglaise. Vous pouvez toutefois nous contacter oralement ou par \u00e9crit en Fran\u00e7ais et nous vous r\u00e9pondrons dans cette langue.<\/p>\n","protected":false},"excerpt":{"rendered":"<p>Fum\u00e9e \u00ab&nbsp;propre&nbsp;\u00bb (CleanSmoke) : une tradition d\u00e9sormais durable via la modernisation des formes anciennes de transformation des aliments &#8230; avec go\u00fbt La fum\u00e9e purifi\u00e9e, les ar\u00f4mes de fum\u00e9e et diverses autres m\u00e9thodes d\u2019am\u00e9lioration du fumage des denr\u00e9es alimentaires conventionnelles s\u2019efforcent<\/p>\n","protected":false},"author":2,"featured_media":0,"parent":0,"menu_order":0,"comment_status":"closed","ping_status":"closed","template":"","meta":{"ngg_post_thumbnail":0,"footnotes":""},"class_list":["post-545","page","type-page","status-publish","hentry"],"translation":{"provider":"WPGlobus","version":"3.0.2","language":"fr","enabled_languages":["gb","fr","de","ru"],"languages":{"gb":{"title":true,"content":true,"excerpt":false},"fr":{"title":true,"content":true,"excerpt":false},"de":{"title":true,"content":true,"excerpt":false},"ru":{"title":true,"content":true,"excerpt":false}}},"yoast_head":"<!-- This site is optimized with the Yoast SEO plugin v27.4 - https:\/\/yoast.com\/product\/yoast-seo-wordpress\/ -->\n<title>Fum\u00e9e \u00ab propre \u00bb  - Clean Smoke Coalition<\/title>\n<meta name=\"robots\" content=\"index, follow, max-snippet:-1, max-image-preview:large, max-video-preview:-1\" \/>\n<link rel=\"canonical\" href=\"https:\/\/clean-smoke-coalition.eu\/\" \/>\n<meta property=\"og:locale\" content=\"fr_FR\" \/>\n<meta property=\"og:type\" content=\"article\" \/>\n<meta property=\"og:title\" content=\"Fum\u00e9e \u00ab propre \u00bb  - Clean Smoke Coalition\" \/>\n<meta property=\"og:url\" content=\"https:\/\/clean-smoke-coalition.eu\/\" \/>\n<meta property=\"og:site_name\" content=\"Clean Smoke Coalition\" \/>\n<meta property=\"article:modified_time\" content=\"2020-03-06T09:44:26+00:00\" \/>\n<meta property=\"og:image\" content=\"https:\/\/clean-smoke-coalition.eu\/wp-content\/uploads\/2019\/09\/Congress-2019-Invitation-212x300.jpg\" \/>\n<meta name=\"twitter:card\" content=\"summary_large_image\" \/>\n<meta name=\"twitter:label1\" content=\"Est. reading time\" \/>\n\t<meta name=\"twitter:data1\" content=\"4 minutes\" \/>\n<script type=\"application\/ld+json\" class=\"yoast-schema-graph\">{\"@context\":\"https:\\\/\\\/schema.org\",\"@graph\":[{\"@type\":\"WebPage\",\"@id\":\"https:\\\/\\\/clean-smoke-coalition.eu\\\/\",\"url\":\"https:\\\/\\\/clean-smoke-coalition.eu\\\/\",\"name\":\"Fum\u00e9e \u00ab propre \u00bb - Clean Smoke Coalition\",\"isPartOf\":{\"@id\":\"https:\\\/\\\/clean-smoke-coalition.eu\\\/#website\"},\"primaryImageOfPage\":{\"@id\":\"https:\\\/\\\/clean-smoke-coalition.eu\\\/#primaryimage\"},\"image\":{\"@id\":\"https:\\\/\\\/clean-smoke-coalition.eu\\\/#primaryimage\"},\"thumbnailUrl\":\"https:\\\/\\\/clean-smoke-coalition.eu\\\/wp-content\\\/uploads\\\/2019\\\/09\\\/Congress-2019-Invitation-212x300.jpg\",\"datePublished\":\"2017-07-11T11:45:40+00:00\",\"dateModified\":\"2020-03-06T09:44:26+00:00\",\"breadcrumb\":{\"@id\":\"https:\\\/\\\/clean-smoke-coalition.eu\\\/#breadcrumb\"},\"inLanguage\":\"fr-FR\",\"potentialAction\":[{\"@type\":\"ReadAction\",\"target\":[\"https:\\\/\\\/clean-smoke-coalition.eu\\\/\"]}]},{\"@type\":\"ImageObject\",\"inLanguage\":\"fr-FR\",\"@id\":\"https:\\\/\\\/clean-smoke-coalition.eu\\\/#primaryimage\",\"url\":\"https:\\\/\\\/clean-smoke-coalition.eu\\\/wp-content\\\/uploads\\\/2019\\\/09\\\/Congress-2019-Invitation-212x300.jpg\",\"contentUrl\":\"https:\\\/\\\/clean-smoke-coalition.eu\\\/wp-content\\\/uploads\\\/2019\\\/09\\\/Congress-2019-Invitation-212x300.jpg\"},{\"@type\":\"BreadcrumbList\",\"@id\":\"https:\\\/\\\/clean-smoke-coalition.eu\\\/#breadcrumb\",\"itemListElement\":[{\"@type\":\"ListItem\",\"position\":1,\"name\":\"Startseite\",\"item\":\"https:\\\/\\\/clean-smoke-coalition.eu\\\/\"},{\"@type\":\"ListItem\",\"position\":2,\"name\":\"Clean Smoke: Tradition made sustainable\"}]},{\"@type\":\"WebSite\",\"@id\":\"https:\\\/\\\/clean-smoke-coalition.eu\\\/#website\",\"url\":\"https:\\\/\\\/clean-smoke-coalition.eu\\\/\",\"name\":\"Clean Smoke Coalition\",\"description\":\" \",\"publisher\":{\"@id\":\"https:\\\/\\\/clean-smoke-coalition.eu\\\/#organization\"},\"potentialAction\":[{\"@type\":\"SearchAction\",\"target\":{\"@type\":\"EntryPoint\",\"urlTemplate\":\"https:\\\/\\\/clean-smoke-coalition.eu\\\/?s={search_term_string}\"},\"query-input\":{\"@type\":\"PropertyValueSpecification\",\"valueRequired\":true,\"valueName\":\"search_term_string\"}}],\"inLanguage\":\"fr-FR\"},{\"@type\":\"Organization\",\"@id\":\"https:\\\/\\\/clean-smoke-coalition.eu\\\/#organization\",\"name\":\"Clean Smoke Coalition\",\"url\":\"https:\\\/\\\/clean-smoke-coalition.eu\\\/\",\"logo\":{\"@type\":\"ImageObject\",\"inLanguage\":\"fr-FR\",\"@id\":\"https:\\\/\\\/clean-smoke-coalition.eu\\\/#\\\/schema\\\/logo\\\/image\\\/\",\"url\":\"https:\\\/\\\/clean-smoke-coalition.eu\\\/wp-content\\\/uploads\\\/2017\\\/05\\\/cropped-csc-Logo-1-3.png\",\"contentUrl\":\"https:\\\/\\\/clean-smoke-coalition.eu\\\/wp-content\\\/uploads\\\/2017\\\/05\\\/cropped-csc-Logo-1-3.png\",\"width\":172,\"height\":103,\"caption\":\"Clean Smoke Coalition\"},\"image\":{\"@id\":\"https:\\\/\\\/clean-smoke-coalition.eu\\\/#\\\/schema\\\/logo\\\/image\\\/\"}}]}<\/script>\n<!-- \/ Yoast SEO plugin. -->","yoast_head_json":{"title":"Fum\u00e9e \u00ab propre \u00bb  - Clean Smoke Coalition","robots":{"index":"index","follow":"follow","max-snippet":"max-snippet:-1","max-image-preview":"max-image-preview:large","max-video-preview":"max-video-preview:-1"},"canonical":"https:\/\/clean-smoke-coalition.eu\/","og_locale":"fr_FR","og_type":"article","og_title":"Fum\u00e9e \u00ab propre \u00bb  - Clean Smoke Coalition","og_url":"https:\/\/clean-smoke-coalition.eu\/","og_site_name":"Clean Smoke Coalition","article_modified_time":"2020-03-06T09:44:26+00:00","og_image":[{"url":"https:\/\/clean-smoke-coalition.eu\/wp-content\/uploads\/2019\/09\/Congress-2019-Invitation-212x300.jpg","type":"","width":"","height":""}],"twitter_card":"summary_large_image","twitter_misc":{"Est. reading time":"4 minutes"},"schema":{"@context":"https:\/\/schema.org","@graph":[{"@type":"WebPage","@id":"https:\/\/clean-smoke-coalition.eu\/","url":"https:\/\/clean-smoke-coalition.eu\/","name":"Fum\u00e9e \u00ab propre \u00bb - Clean Smoke Coalition","isPartOf":{"@id":"https:\/\/clean-smoke-coalition.eu\/#website"},"primaryImageOfPage":{"@id":"https:\/\/clean-smoke-coalition.eu\/#primaryimage"},"image":{"@id":"https:\/\/clean-smoke-coalition.eu\/#primaryimage"},"thumbnailUrl":"https:\/\/clean-smoke-coalition.eu\/wp-content\/uploads\/2019\/09\/Congress-2019-Invitation-212x300.jpg","datePublished":"2017-07-11T11:45:40+00:00","dateModified":"2020-03-06T09:44:26+00:00","breadcrumb":{"@id":"https:\/\/clean-smoke-coalition.eu\/#breadcrumb"},"inLanguage":"fr-FR","potentialAction":[{"@type":"ReadAction","target":["https:\/\/clean-smoke-coalition.eu\/"]}]},{"@type":"ImageObject","inLanguage":"fr-FR","@id":"https:\/\/clean-smoke-coalition.eu\/#primaryimage","url":"https:\/\/clean-smoke-coalition.eu\/wp-content\/uploads\/2019\/09\/Congress-2019-Invitation-212x300.jpg","contentUrl":"https:\/\/clean-smoke-coalition.eu\/wp-content\/uploads\/2019\/09\/Congress-2019-Invitation-212x300.jpg"},{"@type":"BreadcrumbList","@id":"https:\/\/clean-smoke-coalition.eu\/#breadcrumb","itemListElement":[{"@type":"ListItem","position":1,"name":"Startseite","item":"https:\/\/clean-smoke-coalition.eu\/"},{"@type":"ListItem","position":2,"name":"Clean Smoke: Tradition made sustainable"}]},{"@type":"WebSite","@id":"https:\/\/clean-smoke-coalition.eu\/#website","url":"https:\/\/clean-smoke-coalition.eu\/","name":"Clean Smoke Coalition","description":" ","publisher":{"@id":"https:\/\/clean-smoke-coalition.eu\/#organization"},"potentialAction":[{"@type":"SearchAction","target":{"@type":"EntryPoint","urlTemplate":"https:\/\/clean-smoke-coalition.eu\/?s={search_term_string}"},"query-input":{"@type":"PropertyValueSpecification","valueRequired":true,"valueName":"search_term_string"}}],"inLanguage":"fr-FR"},{"@type":"Organization","@id":"https:\/\/clean-smoke-coalition.eu\/#organization","name":"Clean Smoke Coalition","url":"https:\/\/clean-smoke-coalition.eu\/","logo":{"@type":"ImageObject","inLanguage":"fr-FR","@id":"https:\/\/clean-smoke-coalition.eu\/#\/schema\/logo\/image\/","url":"https:\/\/clean-smoke-coalition.eu\/wp-content\/uploads\/2017\/05\/cropped-csc-Logo-1-3.png","contentUrl":"https:\/\/clean-smoke-coalition.eu\/wp-content\/uploads\/2017\/05\/cropped-csc-Logo-1-3.png","width":172,"height":103,"caption":"Clean Smoke Coalition"},"image":{"@id":"https:\/\/clean-smoke-coalition.eu\/#\/schema\/logo\/image\/"}}]}},"_links":{"self":[{"href":"https:\/\/clean-smoke-coalition.eu\/fr\/wp-json\/wp\/v2\/pages\/545","targetHints":{"allow":["GET"]}}],"collection":[{"href":"https:\/\/clean-smoke-coalition.eu\/fr\/wp-json\/wp\/v2\/pages"}],"about":[{"href":"https:\/\/clean-smoke-coalition.eu\/fr\/wp-json\/wp\/v2\/types\/page"}],"author":[{"embeddable":true,"href":"https:\/\/clean-smoke-coalition.eu\/fr\/wp-json\/wp\/v2\/users\/2"}],"replies":[{"embeddable":true,"href":"https:\/\/clean-smoke-coalition.eu\/fr\/wp-json\/wp\/v2\/comments?post=545"}],"version-history":[{"count":26,"href":"https:\/\/clean-smoke-coalition.eu\/fr\/wp-json\/wp\/v2\/pages\/545\/revisions"}],"predecessor-version":[{"id":1598,"href":"https:\/\/clean-smoke-coalition.eu\/fr\/wp-json\/wp\/v2\/pages\/545\/revisions\/1598"}],"wp:attachment":[{"href":"https:\/\/clean-smoke-coalition.eu\/fr\/wp-json\/wp\/v2\/media?parent=545"}],"curies":[{"name":"wp","href":"https:\/\/api.w.org\/{rel}","templated":true}]}}